{"id":18138,"date":"2024-01-24T13:00:45","date_gmt":"2024-01-24T12:00:45","guid":{"rendered":"http:\/\/business-limousines24.de\/?page_id=18138"},"modified":"2024-07-11T02:18:51","modified_gmt":"2024-07-11T00:18:51","slug":"event","status":"publish","type":"page","link":"https:\/\/business-limousines24.de\/en\/event\/","title":{"rendered":"Event"},"content":{"rendered":"<div data-elementor-type=\"wp-page\" data-elementor-id=\"18138\" class=\"elementor elementor-18138\">\n\t\t\t\t\t\t<section class=\"elementor-section elementor-top-section elementor-element elementor-element-9c0f0dc elementor-section-boxed elementor-section-height-default elementor-section-height-default\" data-id=\"9c0f0dc\" data-element_type=\"section\">\n\t\t\t\t\t\t<div class=\"elementor-container elementor-column-gap-default\">\n\t\t\t\t\t<div class=\"elementor-column elementor-col-100 elementor-top-column elementor-element elementor-element-48a6606\" data-id=\"48a6606\" data-element_type=\"column\">\n\t\t\t<div class=\"elementor-widget-wrap elementor-element-populated\">\n\t\t\t\t\t\t<div class=\"elementor-element elementor-element-b37a8d8 elementor-widget elementor-widget-image-gallery\" data-id=\"b37a8d8\" data-element_type=\"widget\" data-widget_type=\"image-gallery.default\">\n\t\t\t\t<div class=\"elementor-widget-container\">\n\t\t\t\t\t\t\t<div class=\"elementor-image-gallery\">\n\t\t\t<div id='gallery-1' class='gallery galleryid-18138 gallery-columns-2 gallery-size-2048x2048'><figure class='gallery-item'>\n\t\t\t<div class='gallery-icon landscape'>\n\t\t\t\t<img fetchpriority=\"high\" decoding=\"async\" width=\"2048\" height=\"1536\" src=\"https:\/\/business-limousines24.de\/wp-content\/uploads\/2024\/02\/f6ec000f-7174-46b1-bfe0-87275bde2ef6.jpg\" class=\"attachment-2048x2048 size-2048x2048\" alt=\"\" aria-describedby=\"gallery-1-18221\" srcset=\"https:\/\/business-limousines24.de\/wp-content\/uploads\/2024\/02\/f6ec000f-7174-46b1-bfe0-87275bde2ef6.jpg 2048w, https:\/\/business-limousines24.de\/wp-content\/uploads\/2024\/02\/f6ec000f-7174-46b1-bfe0-87275bde2ef6-300x225.jpg 300w, https:\/\/business-limousines24.de\/wp-content\/uploads\/2024\/02\/f6ec000f-7174-46b1-bfe0-87275bde2ef6-1024x768.jpg 1024w, https:\/\/business-limousines24.de\/wp-content\/uploads\/2024\/02\/f6ec000f-7174-46b1-bfe0-87275bde2ef6-768x576.jpg 768w, https:\/\/business-limousines24.de\/wp-content\/uploads\/2024\/02\/f6ec000f-7174-46b1-bfe0-87275bde2ef6-1536x1152.jpg 1536w, https:\/\/business-limousines24.de\/wp-content\/uploads\/2024\/02\/f6ec000f-7174-46b1-bfe0-87275bde2ef6-16x12.jpg 16w, https:\/\/business-limousines24.de\/wp-content\/uploads\/2024\/02\/f6ec000f-7174-46b1-bfe0-87275bde2ef6-800x600.jpg 800w, https:\/\/business-limousines24.de\/wp-content\/uploads\/2024\/02\/f6ec000f-7174-46b1-bfe0-87275bde2ef6-480x360.jpg 480w, https:\/\/business-limousines24.de\/wp-content\/uploads\/2024\/02\/f6ec000f-7174-46b1-bfe0-87275bde2ef6-600x450.jpg 600w\" sizes=\"(max-width: 2048px) 100vw, 2048px\" \/>\n\t\t\t<\/div>\n\t\t\t\t<figcaption class='wp-caption-text gallery-caption' id='gallery-1-18221'>\n\t\t\t\tPSD Bank Dom Arena D\u00fcsseldorf\n\t\t\t\t<\/figcaption><\/figure><figure class='gallery-item'>\n\t\t\t<div class='gallery-icon landscape'>\n\t\t\t\t<img decoding=\"async\" width=\"2048\" height=\"1536\" src=\"https:\/\/business-limousines24.de\/wp-content\/uploads\/2024\/02\/e7bf1a92-ec5e-4062-9515-abc7fe70ced0.jpg\" class=\"attachment-2048x2048 size-2048x2048\" alt=\"\" aria-describedby=\"gallery-1-18220\" srcset=\"https:\/\/business-limousines24.de\/wp-content\/uploads\/2024\/02\/e7bf1a92-ec5e-4062-9515-abc7fe70ced0.jpg 2048w, https:\/\/business-limousines24.de\/wp-content\/uploads\/2024\/02\/e7bf1a92-ec5e-4062-9515-abc7fe70ced0-300x225.jpg 300w, https:\/\/business-limousines24.de\/wp-content\/uploads\/2024\/02\/e7bf1a92-ec5e-4062-9515-abc7fe70ced0-1024x768.jpg 1024w, https:\/\/business-limousines24.de\/wp-content\/uploads\/2024\/02\/e7bf1a92-ec5e-4062-9515-abc7fe70ced0-768x576.jpg 768w, https:\/\/business-limousines24.de\/wp-content\/uploads\/2024\/02\/e7bf1a92-ec5e-4062-9515-abc7fe70ced0-1536x1152.jpg 1536w, https:\/\/business-limousines24.de\/wp-content\/uploads\/2024\/02\/e7bf1a92-ec5e-4062-9515-abc7fe70ced0-16x12.jpg 16w, https:\/\/business-limousines24.de\/wp-content\/uploads\/2024\/02\/e7bf1a92-ec5e-4062-9515-abc7fe70ced0-800x600.jpg 800w, https:\/\/business-limousines24.de\/wp-content\/uploads\/2024\/02\/e7bf1a92-ec5e-4062-9515-abc7fe70ced0-480x360.jpg 480w, https:\/\/business-limousines24.de\/wp-content\/uploads\/2024\/02\/e7bf1a92-ec5e-4062-9515-abc7fe70ced0-600x450.jpg 600w\" sizes=\"(max-width: 2048px) 100vw, 2048px\" \/>\n\t\t\t<\/div>\n\t\t\t\t<figcaption class='wp-caption-text gallery-caption' id='gallery-1-18220'>\n\t\t\t\tN\u00fcrburgring \n\t\t\t\t<\/figcaption><\/figure><figure class='gallery-item'>\n\t\t\t<div class='gallery-icon landscape'>\n\t\t\t\t<img decoding=\"async\" width=\"1722\" height=\"987\" src=\"https:\/\/business-limousines24.de\/wp-content\/uploads\/2024\/02\/468f3a9a-fc6b-4143-a635-3d658aaa46cd.jpg\" class=\"attachment-2048x2048 size-2048x2048\" alt=\"\" aria-describedby=\"gallery-1-18219\" srcset=\"https:\/\/business-limousines24.de\/wp-content\/uploads\/2024\/02\/468f3a9a-fc6b-4143-a635-3d658aaa46cd.jpg 1722w, https:\/\/business-limousines24.de\/wp-content\/uploads\/2024\/02\/468f3a9a-fc6b-4143-a635-3d658aaa46cd-300x172.jpg 300w, https:\/\/business-limousines24.de\/wp-content\/uploads\/2024\/02\/468f3a9a-fc6b-4143-a635-3d658aaa46cd-1024x587.jpg 1024w, https:\/\/business-limousines24.de\/wp-content\/uploads\/2024\/02\/468f3a9a-fc6b-4143-a635-3d658aaa46cd-768x440.jpg 768w, https:\/\/business-limousines24.de\/wp-content\/uploads\/2024\/02\/468f3a9a-fc6b-4143-a635-3d658aaa46cd-1536x880.jpg 1536w, https:\/\/business-limousines24.de\/wp-content\/uploads\/2024\/02\/468f3a9a-fc6b-4143-a635-3d658aaa46cd-18x10.jpg 18w, https:\/\/business-limousines24.de\/wp-content\/uploads\/2024\/02\/468f3a9a-fc6b-4143-a635-3d658aaa46cd-800x459.jpg 800w, https:\/\/business-limousines24.de\/wp-content\/uploads\/2024\/02\/468f3a9a-fc6b-4143-a635-3d658aaa46cd-480x275.jpg 480w, https:\/\/business-limousines24.de\/wp-content\/uploads\/2024\/02\/468f3a9a-fc6b-4143-a635-3d658aaa46cd-600x344.jpg 600w\" sizes=\"(max-width: 1722px) 100vw, 1722px\" \/>\n\t\t\t<\/div>\n\t\t\t\t<figcaption class='wp-caption-text gallery-caption' id='gallery-1-18219'>\n\t\t\t\t25 Hours Hotel K\u00f6ln\n\t\t\t\t<\/figcaption><\/figure><figure class='gallery-item'>\n\t\t\t<div class='gallery-icon landscape'>\n\t\t\t\t<img loading=\"lazy\" decoding=\"async\" width=\"2048\" height=\"1536\" src=\"https:\/\/business-limousines24.de\/wp-content\/uploads\/2024\/02\/353f9daf-3afa-4f8d-9073-c39e3d1ea730.jpg\" class=\"attachment-2048x2048 size-2048x2048\" alt=\"\" aria-describedby=\"gallery-1-18218\" srcset=\"https:\/\/business-limousines24.de\/wp-content\/uploads\/2024\/02\/353f9daf-3afa-4f8d-9073-c39e3d1ea730.jpg 2048w, https:\/\/business-limousines24.de\/wp-content\/uploads\/2024\/02\/353f9daf-3afa-4f8d-9073-c39e3d1ea730-300x225.jpg 300w, https:\/\/business-limousines24.de\/wp-content\/uploads\/2024\/02\/353f9daf-3afa-4f8d-9073-c39e3d1ea730-1024x768.jpg 1024w, https:\/\/business-limousines24.de\/wp-content\/uploads\/2024\/02\/353f9daf-3afa-4f8d-9073-c39e3d1ea730-768x576.jpg 768w, https:\/\/business-limousines24.de\/wp-content\/uploads\/2024\/02\/353f9daf-3afa-4f8d-9073-c39e3d1ea730-1536x1152.jpg 1536w, https:\/\/business-limousines24.de\/wp-content\/uploads\/2024\/02\/353f9daf-3afa-4f8d-9073-c39e3d1ea730-16x12.jpg 16w, https:\/\/business-limousines24.de\/wp-content\/uploads\/2024\/02\/353f9daf-3afa-4f8d-9073-c39e3d1ea730-800x600.jpg 800w, https:\/\/business-limousines24.de\/wp-content\/uploads\/2024\/02\/353f9daf-3afa-4f8d-9073-c39e3d1ea730-480x360.jpg 480w, https:\/\/business-limousines24.de\/wp-content\/uploads\/2024\/02\/353f9daf-3afa-4f8d-9073-c39e3d1ea730-600x450.jpg 600w\" sizes=\"(max-width: 2048px) 100vw, 2048px\" \/>\n\t\t\t<\/div>\n\t\t\t\t<figcaption class='wp-caption-text gallery-caption' id='gallery-1-18218'>\n\t\t\t\tN\u00fcrburgring \n\t\t\t\t<\/figcaption><\/figure><figure class='gallery-item'>\n\t\t\t<div class='gallery-icon landscape'>\n\t\t\t\t<img loading=\"lazy\" decoding=\"async\" width=\"983\" height=\"725\" src=\"https:\/\/business-limousines24.de\/wp-content\/uploads\/2024\/02\/93b38701-2f6d-45b6-b5d7-6a519d6ec959.jpg\" class=\"attachment-2048x2048 size-2048x2048\" alt=\"\" aria-describedby=\"gallery-1-18217\" srcset=\"https:\/\/business-limousines24.de\/wp-content\/uploads\/2024\/02\/93b38701-2f6d-45b6-b5d7-6a519d6ec959.jpg 983w, https:\/\/business-limousines24.de\/wp-content\/uploads\/2024\/02\/93b38701-2f6d-45b6-b5d7-6a519d6ec959-300x221.jpg 300w, https:\/\/business-limousines24.de\/wp-content\/uploads\/2024\/02\/93b38701-2f6d-45b6-b5d7-6a519d6ec959-768x566.jpg 768w, https:\/\/business-limousines24.de\/wp-content\/uploads\/2024\/02\/93b38701-2f6d-45b6-b5d7-6a519d6ec959-16x12.jpg 16w, https:\/\/business-limousines24.de\/wp-content\/uploads\/2024\/02\/93b38701-2f6d-45b6-b5d7-6a519d6ec959-110x80.jpg 110w, https:\/\/business-limousines24.de\/wp-content\/uploads\/2024\/02\/93b38701-2f6d-45b6-b5d7-6a519d6ec959-800x590.jpg 800w, https:\/\/business-limousines24.de\/wp-content\/uploads\/2024\/02\/93b38701-2f6d-45b6-b5d7-6a519d6ec959-480x354.jpg 480w, https:\/\/business-limousines24.de\/wp-content\/uploads\/2024\/02\/93b38701-2f6d-45b6-b5d7-6a519d6ec959-600x443.jpg 600w\" sizes=\"(max-width: 983px) 100vw, 983px\" \/>\n\t\t\t<\/div>\n\t\t\t\t<figcaption class='wp-caption-text gallery-caption' id='gallery-1-18217'>\n\t\t\t\tAmsterdam\n\t\t\t\t<\/figcaption><\/figure><figure class='gallery-item'>\n\t\t\t<div class='gallery-icon landscape'>\n\t\t\t\t<img loading=\"lazy\" decoding=\"async\" width=\"2048\" height=\"1536\" src=\"https:\/\/business-limousines24.de\/wp-content\/uploads\/2024\/02\/2ce6b41b-d218-4951-a933-e829cf352454.jpg\" class=\"attachment-2048x2048 size-2048x2048\" alt=\"\" aria-describedby=\"gallery-1-18216\" srcset=\"https:\/\/business-limousines24.de\/wp-content\/uploads\/2024\/02\/2ce6b41b-d218-4951-a933-e829cf352454.jpg 2048w, https:\/\/business-limousines24.de\/wp-content\/uploads\/2024\/02\/2ce6b41b-d218-4951-a933-e829cf352454-300x225.jpg 300w, https:\/\/business-limousines24.de\/wp-content\/uploads\/2024\/02\/2ce6b41b-d218-4951-a933-e829cf352454-1024x768.jpg 1024w, https:\/\/business-limousines24.de\/wp-content\/uploads\/2024\/02\/2ce6b41b-d218-4951-a933-e829cf352454-768x576.jpg 768w, https:\/\/business-limousines24.de\/wp-content\/uploads\/2024\/02\/2ce6b41b-d218-4951-a933-e829cf352454-1536x1152.jpg 1536w, https:\/\/business-limousines24.de\/wp-content\/uploads\/2024\/02\/2ce6b41b-d218-4951-a933-e829cf352454-16x12.jpg 16w, https:\/\/business-limousines24.de\/wp-content\/uploads\/2024\/02\/2ce6b41b-d218-4951-a933-e829cf352454-800x600.jpg 800w, https:\/\/business-limousines24.de\/wp-content\/uploads\/2024\/02\/2ce6b41b-d218-4951-a933-e829cf352454-480x360.jpg 480w, https:\/\/business-limousines24.de\/wp-content\/uploads\/2024\/02\/2ce6b41b-d218-4951-a933-e829cf352454-600x450.jpg 600w\" sizes=\"(max-width: 2048px) 100vw, 2048px\" \/>\n\t\t\t<\/div>\n\t\t\t\t<figcaption class='wp-caption-text gallery-caption' id='gallery-1-18216'>\n\t\t\t\tKoeln Messe\n\t\t\t\t<\/figcaption><\/figure><figure class='gallery-item'>\n\t\t\t<div class='gallery-icon landscape'>\n\t\t\t\t<img loading=\"lazy\" decoding=\"async\" width=\"2048\" height=\"1536\" src=\"https:\/\/business-limousines24.de\/wp-content\/uploads\/2024\/02\/PHOTO-2024-02-27-14-22-07.jpg\" class=\"attachment-2048x2048 size-2048x2048\" alt=\"\" aria-describedby=\"gallery-1-18238\" srcset=\"https:\/\/business-limousines24.de\/wp-content\/uploads\/2024\/02\/PHOTO-2024-02-27-14-22-07.jpg 2048w, https:\/\/business-limousines24.de\/wp-content\/uploads\/2024\/02\/PHOTO-2024-02-27-14-22-07-300x225.jpg 300w, https:\/\/business-limousines24.de\/wp-content\/uploads\/2024\/02\/PHOTO-2024-02-27-14-22-07-1024x768.jpg 1024w, https:\/\/business-limousines24.de\/wp-content\/uploads\/2024\/02\/PHOTO-2024-02-27-14-22-07-768x576.jpg 768w, https:\/\/business-limousines24.de\/wp-content\/uploads\/2024\/02\/PHOTO-2024-02-27-14-22-07-1536x1152.jpg 1536w, https:\/\/business-limousines24.de\/wp-content\/uploads\/2024\/02\/PHOTO-2024-02-27-14-22-07-16x12.jpg 16w, https:\/\/business-limousines24.de\/wp-content\/uploads\/2024\/02\/PHOTO-2024-02-27-14-22-07-800x600.jpg 800w, https:\/\/business-limousines24.de\/wp-content\/uploads\/2024\/02\/PHOTO-2024-02-27-14-22-07-480x360.jpg 480w, https:\/\/business-limousines24.de\/wp-content\/uploads\/2024\/02\/PHOTO-2024-02-27-14-22-07-600x450.jpg 600w\" sizes=\"(max-width: 2048px) 100vw, 2048px\" \/>\n\t\t\t<\/div>\n\t\t\t\t<figcaption class='wp-caption-text gallery-caption' id='gallery-1-18238'>\n\t\t\t\tKruisheren Hotel\n\t\t\t\t<\/figcaption><\/figure><figure class='gallery-item'>\n\t\t\t<div class='gallery-icon landscape'>\n\t\t\t\t<img loading=\"lazy\" decoding=\"async\" width=\"2048\" height=\"1536\" src=\"https:\/\/business-limousines24.de\/wp-content\/uploads\/2024\/02\/PHOTO-2024-02-27-14-21-36.jpg\" class=\"attachment-2048x2048 size-2048x2048\" alt=\"\" aria-describedby=\"gallery-1-18237\" srcset=\"https:\/\/business-limousines24.de\/wp-content\/uploads\/2024\/02\/PHOTO-2024-02-27-14-21-36.jpg 2048w, https:\/\/business-limousines24.de\/wp-content\/uploads\/2024\/02\/PHOTO-2024-02-27-14-21-36-300x225.jpg 300w, https:\/\/business-limousines24.de\/wp-content\/uploads\/2024\/02\/PHOTO-2024-02-27-14-21-36-1024x768.jpg 1024w, https:\/\/business-limousines24.de\/wp-content\/uploads\/2024\/02\/PHOTO-2024-02-27-14-21-36-768x576.jpg 768w, https:\/\/business-limousines24.de\/wp-content\/uploads\/2024\/02\/PHOTO-2024-02-27-14-21-36-1536x1152.jpg 1536w, https:\/\/business-limousines24.de\/wp-content\/uploads\/2024\/02\/PHOTO-2024-02-27-14-21-36-16x12.jpg 16w, https:\/\/business-limousines24.de\/wp-content\/uploads\/2024\/02\/PHOTO-2024-02-27-14-21-36-800x600.jpg 800w, https:\/\/business-limousines24.de\/wp-content\/uploads\/2024\/02\/PHOTO-2024-02-27-14-21-36-480x360.jpg 480w, https:\/\/business-limousines24.de\/wp-content\/uploads\/2024\/02\/PHOTO-2024-02-27-14-21-36-600x450.jpg 600w\" sizes=\"(max-width: 2048px) 100vw, 2048px\" \/>\n\t\t\t<\/div>\n\t\t\t\t<figcaption class='wp-caption-text gallery-caption' id='gallery-1-18237'>\n\t\t\t\tMarriott Hotel K\u00f6ln\n\t\t\t\t<\/figcaption><\/figure><figure class='gallery-item'>\n\t\t\t<div class='gallery-icon portrait'>\n\t\t\t\t<img loading=\"lazy\" decoding=\"async\" width=\"1536\" height=\"2048\" src=\"https:\/\/business-limousines24.de\/wp-content\/uploads\/2019\/06\/IMG_1755-1536x2048.jpg\" class=\"attachment-2048x2048 size-2048x2048\" alt=\"\" aria-describedby=\"gallery-1-18243\" srcset=\"https:\/\/business-limousines24.de\/wp-content\/uploads\/2019\/06\/IMG_1755-1536x2048.jpg 1536w, https:\/\/business-limousines24.de\/wp-content\/uploads\/2019\/06\/IMG_1755-225x300.jpg 225w, https:\/\/business-limousines24.de\/wp-content\/uploads\/2019\/06\/IMG_1755-768x1024.jpg 768w, https:\/\/business-limousines24.de\/wp-content\/uploads\/2019\/06\/IMG_1755-1152x1536.jpg 1152w, https:\/\/business-limousines24.de\/wp-content\/uploads\/2019\/06\/IMG_1755-9x12.jpg 9w, https:\/\/business-limousines24.de\/wp-content\/uploads\/2019\/06\/IMG_1755-600x800.jpg 600w, https:\/\/business-limousines24.de\/wp-content\/uploads\/2019\/06\/IMG_1755-480x640.jpg 480w\" sizes=\"(max-width: 1536px) 100vw, 1536px\" \/>\n\t\t\t<\/div>\n\t\t\t\t<figcaption class='wp-caption-text gallery-caption' id='gallery-1-18243'>\n\t\t\t\tHochzeitswagen\n\t\t\t\t<\/figcaption><\/figure><figure class='gallery-item'>\n\t\t\t<div class='gallery-icon portrait'>\n\t\t\t\t<img loading=\"lazy\" decoding=\"async\" width=\"1536\" height=\"2048\" src=\"https:\/\/business-limousines24.de\/wp-content\/uploads\/2019\/06\/ee535521-a10f-4fa2-ba82-260d960c5b5a.jpg\" class=\"attachment-2048x2048 size-2048x2048\" alt=\"\" aria-describedby=\"gallery-1-18253\" srcset=\"https:\/\/business-limousines24.de\/wp-content\/uploads\/2019\/06\/ee535521-a10f-4fa2-ba82-260d960c5b5a.jpg 1536w, https:\/\/business-limousines24.de\/wp-content\/uploads\/2019\/06\/ee535521-a10f-4fa2-ba82-260d960c5b5a-225x300.jpg 225w, https:\/\/business-limousines24.de\/wp-content\/uploads\/2019\/06\/ee535521-a10f-4fa2-ba82-260d960c5b5a-768x1024.jpg 768w, https:\/\/business-limousines24.de\/wp-content\/uploads\/2019\/06\/ee535521-a10f-4fa2-ba82-260d960c5b5a-1152x1536.jpg 1152w, https:\/\/business-limousines24.de\/wp-content\/uploads\/2019\/06\/ee535521-a10f-4fa2-ba82-260d960c5b5a-9x12.jpg 9w, https:\/\/business-limousines24.de\/wp-content\/uploads\/2019\/06\/ee535521-a10f-4fa2-ba82-260d960c5b5a-600x800.jpg 600w, https:\/\/business-limousines24.de\/wp-content\/uploads\/2019\/06\/ee535521-a10f-4fa2-ba82-260d960c5b5a-480x640.jpg 480w\" sizes=\"(max-width: 1536px) 100vw, 1536px\" \/>\n\t\t\t<\/div>\n\t\t\t\t<figcaption class='wp-caption-text gallery-caption' id='gallery-1-18253'>\n\t\t\t\tVIP-Shuttle\n\t\t\t\t<\/figcaption><\/figure><figure class='gallery-item'>\n\t\t\t<div class='gallery-icon landscape'>\n\t\t\t\t<img loading=\"lazy\" decoding=\"async\" width=\"2048\" height=\"1536\" src=\"https:\/\/business-limousines24.de\/wp-content\/uploads\/2019\/06\/574a4481-939f-4349-9ecc-7d5298c2d2c9.jpg\" class=\"attachment-2048x2048 size-2048x2048\" alt=\"\" aria-describedby=\"gallery-1-18255\" srcset=\"https:\/\/business-limousines24.de\/wp-content\/uploads\/2019\/06\/574a4481-939f-4349-9ecc-7d5298c2d2c9.jpg 2048w, https:\/\/business-limousines24.de\/wp-content\/uploads\/2019\/06\/574a4481-939f-4349-9ecc-7d5298c2d2c9-300x225.jpg 300w, https:\/\/business-limousines24.de\/wp-content\/uploads\/2019\/06\/574a4481-939f-4349-9ecc-7d5298c2d2c9-1024x768.jpg 1024w, https:\/\/business-limousines24.de\/wp-content\/uploads\/2019\/06\/574a4481-939f-4349-9ecc-7d5298c2d2c9-768x576.jpg 768w, https:\/\/business-limousines24.de\/wp-content\/uploads\/2019\/06\/574a4481-939f-4349-9ecc-7d5298c2d2c9-1536x1152.jpg 1536w, https:\/\/business-limousines24.de\/wp-content\/uploads\/2019\/06\/574a4481-939f-4349-9ecc-7d5298c2d2c9-16x12.jpg 16w, https:\/\/business-limousines24.de\/wp-content\/uploads\/2019\/06\/574a4481-939f-4349-9ecc-7d5298c2d2c9-800x600.jpg 800w, https:\/\/business-limousines24.de\/wp-content\/uploads\/2019\/06\/574a4481-939f-4349-9ecc-7d5298c2d2c9-480x360.jpg 480w, https:\/\/business-limousines24.de\/wp-content\/uploads\/2019\/06\/574a4481-939f-4349-9ecc-7d5298c2d2c9-600x450.jpg 600w\" sizes=\"(max-width: 2048px) 100vw, 2048px\" \/>\n\t\t\t<\/div>\n\t\t\t\t<figcaption class='wp-caption-text gallery-caption' id='gallery-1-18255'>\n\t\t\t\tBACC\n\t\t\t\t<\/figcaption><\/figure><figure class='gallery-item'>\n\t\t\t<div class='gallery-icon landscape'>\n\t\t\t\t<img loading=\"lazy\" decoding=\"async\" width=\"2048\" height=\"1536\" src=\"https:\/\/business-limousines24.de\/wp-content\/uploads\/2019\/06\/PHOTO-2024-05-21-15-58-49-2.jpg\" class=\"attachment-2048x2048 size-2048x2048\" alt=\"\" aria-describedby=\"gallery-1-18280\" srcset=\"https:\/\/business-limousines24.de\/wp-content\/uploads\/2019\/06\/PHOTO-2024-05-21-15-58-49-2.jpg 2048w, https:\/\/business-limousines24.de\/wp-content\/uploads\/2019\/06\/PHOTO-2024-05-21-15-58-49-2-300x225.jpg 300w, https:\/\/business-limousines24.de\/wp-content\/uploads\/2019\/06\/PHOTO-2024-05-21-15-58-49-2-1024x768.jpg 1024w, https:\/\/business-limousines24.de\/wp-content\/uploads\/2019\/06\/PHOTO-2024-05-21-15-58-49-2-768x576.jpg 768w, https:\/\/business-limousines24.de\/wp-content\/uploads\/2019\/06\/PHOTO-2024-05-21-15-58-49-2-1536x1152.jpg 1536w, https:\/\/business-limousines24.de\/wp-content\/uploads\/2019\/06\/PHOTO-2024-05-21-15-58-49-2-16x12.jpg 16w, https:\/\/business-limousines24.de\/wp-content\/uploads\/2019\/06\/PHOTO-2024-05-21-15-58-49-2-800x600.jpg 800w, https:\/\/business-limousines24.de\/wp-content\/uploads\/2019\/06\/PHOTO-2024-05-21-15-58-49-2-480x360.jpg 480w, https:\/\/business-limousines24.de\/wp-content\/uploads\/2019\/06\/PHOTO-2024-05-21-15-58-49-2-600x450.jpg 600w\" sizes=\"(max-width: 2048px) 100vw, 2048px\" \/>\n\t\t\t<\/div>\n\t\t\t\t<figcaption class='wp-caption-text gallery-caption' id='gallery-1-18280'>\n\t\t\t\tIm Auftrag der US-States\n\t\t\t\t<\/figcaption><\/figure><figure class='gallery-item'>\n\t\t\t<div class='gallery-icon landscape'>\n\t\t\t\t<img loading=\"lazy\" decoding=\"async\" width=\"1600\" height=\"1200\" src=\"https:\/\/business-limousines24.de\/wp-content\/uploads\/2019\/06\/WhatsApp-Image-2024-07-04-at-22.49.00-2.jpeg\" class=\"attachment-2048x2048 size-2048x2048\" alt=\"\" aria-describedby=\"gallery-1-18298\" srcset=\"https:\/\/business-limousines24.de\/wp-content\/uploads\/2019\/06\/WhatsApp-Image-2024-07-04-at-22.49.00-2.jpeg 1600w, https:\/\/business-limousines24.de\/wp-content\/uploads\/2019\/06\/WhatsApp-Image-2024-07-04-at-22.49.00-2-300x225.jpeg 300w, https:\/\/business-limousines24.de\/wp-content\/uploads\/2019\/06\/WhatsApp-Image-2024-07-04-at-22.49.00-2-1024x768.jpeg 1024w, https:\/\/business-limousines24.de\/wp-content\/uploads\/2019\/06\/WhatsApp-Image-2024-07-04-at-22.49.00-2-768x576.jpeg 768w, https:\/\/business-limousines24.de\/wp-content\/uploads\/2019\/06\/WhatsApp-Image-2024-07-04-at-22.49.00-2-1536x1152.jpeg 1536w, https:\/\/business-limousines24.de\/wp-content\/uploads\/2019\/06\/WhatsApp-Image-2024-07-04-at-22.49.00-2-16x12.jpeg 16w, https:\/\/business-limousines24.de\/wp-content\/uploads\/2019\/06\/WhatsApp-Image-2024-07-04-at-22.49.00-2-800x600.jpeg 800w, https:\/\/business-limousines24.de\/wp-content\/uploads\/2019\/06\/WhatsApp-Image-2024-07-04-at-22.49.00-2-480x360.jpeg 480w, https:\/\/business-limousines24.de\/wp-content\/uploads\/2019\/06\/WhatsApp-Image-2024-07-04-at-22.49.00-2-600x450.jpeg 600w\" sizes=\"(max-width: 1600px) 100vw, 1600px\" \/>\n\t\t\t<\/div>\n\t\t\t\t<figcaption class='wp-caption-text gallery-caption' id='gallery-1-18298'>\n\t\t\t\tLindler Hotel\n\t\t\t\t<\/figcaption><\/figure>\n\t\t<\/div>\n\t\t<\/div>\n\t\t\t\t\t\t<\/div>\n\t\t\t\t<\/div>\n\t\t\t\t\t<\/div>\n\t\t<\/div>\n\t\t\t\t\t<\/div>\n\t\t<\/section>\n\t\t\t\t<\/div>","protected":false},"excerpt":{"rendered":"<p>PSD Bank Dom Arena D\u00fcsseldorf N\u00fcrburgring 25 Hours Hotel K\u00f6ln N\u00fcrburgring Amsterdam Koeln Messe Kruisheren Hotel Marriott Hotel K\u00f6ln Hochzeitswagen VIP-Shuttle BACC Im Auftrag der US-States Lindler Hotel<\/p>","protected":false},"author":1,"featured_media":0,"parent":0,"menu_order":0,"comment_status":"closed","ping_status":"closed","template":"","meta":{"footnotes":""},"_links":{"self":[{"href":"https:\/\/business-limousines24.de\/en\/wp-json\/wp\/v2\/pages\/18138"}],"collection":[{"href":"https:\/\/business-limousines24.de\/en\/wp-json\/wp\/v2\/pages"}],"about":[{"href":"https:\/\/business-limousines24.de\/en\/wp-json\/wp\/v2\/types\/page"}],"author":[{"embeddable":true,"href":"https:\/\/business-limousines24.de\/en\/wp-json\/wp\/v2\/users\/1"}],"replies":[{"embeddable":true,"href":"https:\/\/business-limousines24.de\/en\/wp-json\/wp\/v2\/comments?post=18138"}],"version-history":[{"count":10,"href":"https:\/\/business-limousines24.de\/en\/wp-json\/wp\/v2\/pages\/18138\/revisions"}],"predecessor-version":[{"id":18302,"href":"https:\/\/business-limousines24.de\/en\/wp-json\/wp\/v2\/pages\/18138\/revisions\/18302"}],"wp:attachment":[{"href":"https:\/\/business-limousines24.de\/en\/wp-json\/wp\/v2\/media?parent=18138"}],"curies":[{"name":"wp","href":"https:\/\/api.w.org\/{rel}","templated":true}]}}