{"id":18107,"date":"2024-01-23T21:49:13","date_gmt":"2024-01-23T20:49:13","guid":{"rendered":"http:\/\/business-limousines24.de\/?page_id=18107"},"modified":"2024-01-24T12:29:56","modified_gmt":"2024-01-24T11:29:56","slug":"datenschutzerklaerung","status":"publish","type":"page","link":"https:\/\/business-limousines24.de\/en\/datenschutzerklaerung\/","title":{"rendered":"Privacy policy"},"content":{"rendered":"<div data-elementor-type=\"wp-page\" data-elementor-id=\"18107\" class=\"elementor elementor-18107\">\n\t\t\t\t\t\t<section class=\"elementor-section elementor-top-section elementor-element elementor-element-61d0e6b elementor-section-boxed elementor-section-height-default elementor-section-height-default\" data-id=\"61d0e6b\" data-element_type=\"section\">\n\t\t\t\t\t\t<div class=\"elementor-container elementor-column-gap-default\">\n\t\t\t\t\t<div class=\"elementor-column elementor-col-100 elementor-top-column elementor-element elementor-element-37f2b4e\" data-id=\"37f2b4e\" data-element_type=\"column\">\n\t\t\t<div class=\"elementor-widget-wrap elementor-element-populated\">\n\t\t\t\t\t\t<div class=\"elementor-element elementor-element-8d4da87 elementor-widget elementor-widget-text-editor\" data-id=\"8d4da87\" data-element_type=\"widget\" data-widget_type=\"text-editor.default\">\n\t\t\t\t<div class=\"elementor-widget-container\">\n\t\t\t\t\t\t\t\t\t<p><strong>1. data protection at a glance<\/strong><br \/>General information<\/p><p>The following information provides a simple overview of what happens to your personal data when you visit our website. Personal data is any data that can be used to identify you personally. Detailed information on the subject of data protection can be found in our data protection declaration listed below this text.<br \/>Data collection on our website\u00a0<\/p><p style=\"text-align: left;\"><strong>Who is responsible for data collection on this website?<\/strong><br \/>Data processing on this website is carried out by the website operator. You can find the operator's contact details in the legal notice of this website.<br \/>\u200b<br \/><strong>How do we collect your data?<\/strong><br \/>On the one hand, your data is collected when you provide it to us. This may, for example, be data that you enter in a contact form.<br \/>Other data is collected automatically by our IT systems when you visit the website. This is primarily technical data (e.g. internet browser, operating system or time of page view). This data is collected automatically as soon as you enter our website.<br \/><strong>\u200b<\/strong><br \/><strong>What do we use your data for?<\/strong><br \/>Some of the data is collected to ensure that the website is provided without errors. Other data can be used to analyze your user behavior.<br \/>\u200b<br \/><strong>What rights do you have with regard to your data?<\/strong><br \/>You have the right to receive information about the origin, recipient and purpose of your stored personal data free of charge at any time. You also have the right to request the correction, blocking or deletion of this data. You can contact us at any time at the address given in the legal notice if you have any further questions on the subject of data protection. You also have the right to lodge a complaint with the competent supervisory authority.<br \/>\u200b<br \/><strong>2. general notes and mandatory information<\/strong><br \/><strong>Data protection<\/strong><br \/>\u200b<br \/>The operators of these pages take the protection of your personal data very seriously. We treat your personal data confidentially and in accordance with the statutory data protection regulations and this privacy policy.<br \/>\u200b<br \/>Wenn Sie diese Website benutzen, werden verschiedene personenbezogene Daten erhoben. Personenbezogene Daten sind Daten, mit denen Sie pers\u00f6nlich identifiziert werden k\u00f6nnen. Die vorliegende Datenschutzerkl\u00e4rung erl\u00e4utert, welche Daten wir erheben und wof\u00fcr wir sie nutzen. Sie erl\u00e4utert auch, wie und zu welchem Zweck das geschieht.<br \/>\u200b<br \/>We would like to point out that data transmission over the Internet (e.g. when communicating by e-mail) may be subject to security vulnerabilities. Complete protection of data against access by third parties is not possible.<br \/>\u200b<br \/>Note on the responsible body<br \/>The controller responsible for data processing on this website is:\u00a0<\/p><p style=\"text-align: left;\"><strong>Black Car Cologne e.K.<\/strong><br \/>Rothgerberbach 2<br \/>50676 cologne<\/p><p>The controller is the natural or legal person who alone or jointly with others determines the purposes and means of the processing of personal data (e.g. names, e-mail addresses, etc.).<br \/>\u200b<br \/><strong>Revocation of your consent to data processing<\/strong><br \/>Many data processing operations are only possible with your express consent. You can withdraw your consent at any time. All you need to do is send us an informal e-mail. The legality of the data processing carried out until the revocation remains unaffected by the revocation.<br \/>\u200b<br \/><strong>Right to lodge a complaint with the competent supervisory authority<\/strong><br \/>In the event of breaches of data protection law, the data subject has the right to lodge a complaint with the competent supervisory authority. The competent supervisory authority for data protection issues is the state data protection officer of the federal state in which our company is based. A list of data protection officers and their contact details can be found at the following link: https:\/\/www.bfdi.bund.de\/DE\/Infothek\/Anschriften_Links\/anschriften_links-node.html.<br \/>\u200b<br \/><strong>Right to data portability<\/strong><br \/>You have the right to have data that we process automatically on the basis of your consent or in fulfillment of a contract handed over to you or to a third party in a common, machine-readable format. If you request the direct transfer of the data to another controller, this will only be done insofar as it is technically feasible.<br \/>\u200b<br \/><strong>SSL or TLS encryption<\/strong><br \/>This site uses SSL or TLS encryption for security reasons and to protect the transmission of confidential content, such as orders or inquiries that you send to us as the site operator. You can recognize an encrypted connection by the fact that the address line of the browser changes from \"http:\/\/\" to \"https:\/\/\" and by the lock symbol in your browser line.<br \/>\u200b<br \/>If SSL or TLS encryption is activated, the data you transmit to us cannot be read by third parties.<br \/>\u200b<br \/><strong>Information, blocking, deletion<\/strong><br \/>Within the framework of the applicable legal provisions, you have the right to free information about your stored personal data, its origin and recipient and the purpose of the data processing and, if necessary, a right to correction, blocking or deletion of this data at any time. You can contact us at any time at the address given in the legal notice if you have further questions on the subject of personal data.<br \/>\u200b<br \/><strong>3. Datenerfassung auf unserer Website<\/strong><br \/><strong>Cookies<\/strong><br \/>\u200b<br \/>Die Internetseiten verwenden teilweise so genannte Cookies. Cookies richten auf Ihrem Rechner keinen Schaden an und enthalten keine Viren. Cookies dienen dazu, unser Angebot nutzerfreundlicher, effektiver und sicherer zu machen. Cookies sind kleine Textdateien, die auf Ihrem Rechner abgelegt werden und die Ihr Browser speichert.<br \/>\u200b<br \/>Most of the cookies we use are so-called \"session cookies\". They are automatically deleted at the end of your visit. Other cookies remain stored on your end device until you delete them. These cookies enable us to recognize your browser on your next visit.<br \/>\u200b<br \/>ou can set your browser so that you are informed about the setting of cookies and only allow cookies in individual cases, exclude the acceptance of cookies for certain cases or in general and activate the automatic deletion of cookies when closing the browser. If cookies are deactivated, the functionality of this website may be restricted.<br \/>\u200b<br \/>Cookies that are required to carry out the electronic communication process or to provide certain functions that you have requested (e.g. shopping cart function) are stored on the basis of Art. 6 para. 1 lit. f GDPR. The website operator has a legitimate interest in the storage of cookies for the technically error-free and optimized provision of its services. Insofar as other cookies (e.g. cookies to analyze your surfing behavior) are stored, these are treated separately in this privacy policy.<br \/>\u200b<br \/><strong>Server log files<\/strong><br \/>The provider of the pages automatically collects and stores information in so-called server log files, which your browser automatically transmits to us. These are<br \/>\u200b<br \/><strong>Browser type and browser version<\/strong><br \/>Operating system used<br \/>Referrer URL<br \/>Host name of the accessing computer<br \/>Time of the server request<\/p><p><strong>IP address<\/strong><br \/>This data is not merged with other data sources.<br \/>The basis for data processing is Art. 6 para. 1 lit. b GDPR, which permits the processing of data for the fulfillment of a contract or pre-contractual measures.<br \/>\u200b<br \/><strong>Contact form<\/strong><br \/>If you send us inquiries via the contact form, your details from the inquiry form, including the contact details you provide there, will be stored by us for the purpose of processing the inquiry and in the event of follow-up questions. We will not pass on this data without your consent.<br \/>\u200b<br \/>The data entered in the contact form is therefore processed exclusively on the basis of your consent (Art. 6 para. 1 lit. a GDPR). You can revoke this consent at any time. All you need to do is send us an informal email. The legality of the data processing operations carried out until the revocation remains unaffected by the revocation.<br \/>\u200b<br \/>We will retain the data you provide on the contact form until you request its deletion, revoke your consent for its storage, or the purpose for its storage no longer pertains (e.g. after fulfilling your request). Mandatory statutory provisions - in particular retention periods - remain unaffected.<\/p>\t\t\t\t\t\t\t\t<\/div>\n\t\t\t\t<\/div>\n\t\t\t\t\t<\/div>\n\t\t<\/div>\n\t\t\t\t\t<\/div>\n\t\t<\/section>\n\t\t\t\t<\/div>","protected":false},"excerpt":{"rendered":"<p>1. Datenschutz auf einen BlickAllgemeine Hinweise Die folgenden Hinweise geben einen einfachen \u00dcberblick dar\u00fcber, was mit Ihren personenbezogenen Daten passiert, wenn Sie unsere Website besuchen. Personenbezogene Daten sind alle Daten, mit denen Sie pers\u00f6nlich identifiziert werden k\u00f6nnen. Ausf\u00fchrliche Informationen zum Thema Datenschutz entnehmen Sie unserer unter diesem Text aufgef\u00fchrten Datenschutzerkl\u00e4rung.Datenerfassung auf unserer Website\u00a0 Wer ist [&hellip;]<\/p>\n","protected":false},"author":1,"featured_media":0,"parent":0,"menu_order":0,"comment_status":"closed","ping_status":"closed","template":"","meta":{"footnotes":""},"_links":{"self":[{"href":"https:\/\/business-limousines24.de\/en\/wp-json\/wp\/v2\/pages\/18107"}],"collection":[{"href":"https:\/\/business-limousines24.de\/en\/wp-json\/wp\/v2\/pages"}],"about":[{"href":"https:\/\/business-limousines24.de\/en\/wp-json\/wp\/v2\/types\/page"}],"author":[{"embeddable":true,"href":"https:\/\/business-limousines24.de\/en\/wp-json\/wp\/v2\/users\/1"}],"replies":[{"embeddable":true,"href":"https:\/\/business-limousines24.de\/en\/wp-json\/wp\/v2\/comments?post=18107"}],"version-history":[{"count":7,"href":"https:\/\/business-limousines24.de\/en\/wp-json\/wp\/v2\/pages\/18107\/revisions"}],"predecessor-version":[{"id":18136,"href":"https:\/\/business-limousines24.de\/en\/wp-json\/wp\/v2\/pages\/18107\/revisions\/18136"}],"wp:attachment":[{"href":"https:\/\/business-limousines24.de\/en\/wp-json\/wp\/v2\/media?parent=18107"}],"curies":[{"name":"wp","href":"https:\/\/api.w.org\/{rel}","templated":true}]}}