{"id":18070,"date":"2024-01-21T17:22:22","date_gmt":"2024-01-21T16:22:22","guid":{"rendered":"http:\/\/business-limousines24.de\/?page_id=18070"},"modified":"2024-01-23T22:18:43","modified_gmt":"2024-01-23T21:18:43","slug":"allgemeine-geschaeftsbedingungen","status":"publish","type":"page","link":"https:\/\/business-limousines24.de\/en\/allgemeine-geschaeftsbedingungen\/","title":{"rendered":"General Terms and Conditions"},"content":{"rendered":"<div data-elementor-type=\"wp-page\" data-elementor-id=\"18070\" class=\"elementor elementor-18070\">\n\t\t\t\t\t\t<section class=\"elementor-section elementor-top-section elementor-element elementor-element-bbb9b32 elementor-section-boxed elementor-section-height-default elementor-section-height-default\" data-id=\"bbb9b32\" data-element_type=\"section\">\n\t\t\t\t\t\t<div class=\"elementor-container elementor-column-gap-default\">\n\t\t\t\t\t<div class=\"elementor-column elementor-col-100 elementor-top-column elementor-element elementor-element-6917b8f\" data-id=\"6917b8f\" data-element_type=\"column\">\n\t\t\t<div class=\"elementor-widget-wrap elementor-element-populated\">\n\t\t\t\t\t\t<div class=\"elementor-element elementor-element-c3c5eef elementor-widget elementor-widget-text-editor\" data-id=\"c3c5eef\" data-element_type=\"widget\" data-widget_type=\"text-editor.default\">\n\t\t\t\t<div class=\"elementor-widget-container\">\n\t\t\t\t\t\t\t\t\t<p><strong>General Terms and Conditions (GTC) for rental vehicle services<\/strong><\/p><p><strong>1 Scope of application and contractual basis<\/strong><br \/>These GTC govern all agreements regarding the use of our rental vehicles (hereinafter referred to as \"vehicles\"). Deviating regulations require written confirmation<\/p><p><strong>2<\/strong>.<strong>Prices and payment methods<\/strong><br \/>All prices are quoted in euros and include the statutory VAT of 19%. Payment for services is made by bank transfer in advance, credit card or cash to the driver. When paying by credit card, the customer will be charged an additional 4% of the total amount for processing services.<\/p><p><strong>3<\/strong>.<strong>Rental prices and services<\/strong><br \/>The rental prices include driving services, fuel costs as well as parking and toll charges. The minimum rental period is two hours (except for the transfer to the airport). The service costs include 30 minutes waiting time at the airport and 15 minutes at other pick-up locations. Additional waiting time is charged hourly.<\/p><p><strong>4<\/strong>.<strong>Smoking ban<\/strong><br \/>Smoking is strictly prohibited in all vehicles. However, the driver can schedule a suitable smoke break on request.<\/p><p><strong>5 Liability for damages<\/strong><br \/>Customers assume full financial liability for any damage caused by them or members of their party during the rental period. In the event of a mechanical breakdown during the charter, the company will replace the damaged vehicle with a vehicle of the same class.<\/p><p><strong>6<\/strong>.<strong>Corporate responsibility<\/strong><br \/>The Company is not liable for delays or failures due to weather, traffic or unsafe road conditions (such as natural phenomena, accidents, etc.). In the event of such occurrences, the company may withdraw from the contract without compensation. Liability is generally limited to the utilization of the statutory public liability insurance.<\/p><p><strong>7.<\/strong> <strong>Cancellation conditions<\/strong><br \/>The following fees apply in the event of cancelations:<br \/>- Cancellation more than 7 days before departure - <strong>Free of charge<\/strong><br \/>- Cancellation within 7 days before departure - <strong>25% of the price<\/strong><br \/>- Cancellation within 2 days before departure - <strong>50% of the price<\/strong><br \/>- Cancellation within 24 hours before departure - <strong>100% of the price<\/strong><\/p>\t\t\t\t\t\t\t\t<\/div>\n\t\t\t\t<\/div>\n\t\t\t\t\t<\/div>\n\t\t<\/div>\n\t\t\t\t\t<\/div>\n\t\t<\/section>\n\t\t\t\t<\/div>","protected":false},"excerpt":{"rendered":"<p>Allgemeine Gesch\u00e4ftsbedingungen (AGB) f\u00fcr Mietfahrzeugdienstleistungen 1.Geltungsbereich und VertragsgrundlageDiese AGB regeln s\u00e4mtliche Vereinbarungen \u00fcber die Nutzung unserer Mietfahrzeuge (nachfolgend &#8222;Fahrzeuge&#8220;). Abweichende Regelungen bed\u00fcrfen der schriftlichen Best\u00e4tigung. 2.Preise und Zahlungsmodalit\u00e4tenAlle Preise sind in Euro angegeben und enthalten die gesetzliche Mehrwertsteuer von 19%. Die Zahlung f\u00fcr Dienstleistungen erfolgt per Bank\u00fcberweisung im Voraus, mit Kreditkarte oder Bargeld an den [&hellip;]<\/p>\n","protected":false},"author":1,"featured_media":0,"parent":0,"menu_order":0,"comment_status":"closed","ping_status":"closed","template":"","meta":{"footnotes":""},"_links":{"self":[{"href":"https:\/\/business-limousines24.de\/en\/wp-json\/wp\/v2\/pages\/18070"}],"collection":[{"href":"https:\/\/business-limousines24.de\/en\/wp-json\/wp\/v2\/pages"}],"about":[{"href":"https:\/\/business-limousines24.de\/en\/wp-json\/wp\/v2\/types\/page"}],"author":[{"embeddable":true,"href":"https:\/\/business-limousines24.de\/en\/wp-json\/wp\/v2\/users\/1"}],"replies":[{"embeddable":true,"href":"https:\/\/business-limousines24.de\/en\/wp-json\/wp\/v2\/comments?post=18070"}],"version-history":[{"count":7,"href":"https:\/\/business-limousines24.de\/en\/wp-json\/wp\/v2\/pages\/18070\/revisions"}],"predecessor-version":[{"id":18115,"href":"https:\/\/business-limousines24.de\/en\/wp-json\/wp\/v2\/pages\/18070\/revisions\/18115"}],"wp:attachment":[{"href":"https:\/\/business-limousines24.de\/en\/wp-json\/wp\/v2\/media?parent=18070"}],"curies":[{"name":"wp","href":"https:\/\/api.w.org\/{rel}","templated":true}]}}