{"id":18061,"date":"2024-01-21T16:56:26","date_gmt":"2024-01-21T15:56:26","guid":{"rendered":"http:\/\/business-limousines24.de\/?page_id=18061"},"modified":"2024-01-23T22:38:10","modified_gmt":"2024-01-23T21:38:10","slug":"impressum","status":"publish","type":"page","link":"https:\/\/business-limousines24.de\/en\/impressum\/","title":{"rendered":"Imprint"},"content":{"rendered":"<div data-elementor-type=\"wp-page\" data-elementor-id=\"18061\" class=\"elementor elementor-18061\">\n\t\t\t\t\t\t<section class=\"elementor-section elementor-top-section elementor-element elementor-element-922a504 elementor-section-boxed elementor-section-height-default elementor-section-height-default\" data-id=\"922a504\" data-element_type=\"section\">\n\t\t\t\t\t\t<div class=\"elementor-container elementor-column-gap-default\">\n\t\t\t\t\t<div class=\"elementor-column elementor-col-100 elementor-top-column elementor-element elementor-element-534b589\" data-id=\"534b589\" data-element_type=\"column\">\n\t\t\t<div class=\"elementor-widget-wrap elementor-element-populated\">\n\t\t\t\t\t\t<div class=\"elementor-element elementor-element-1d20c5e elementor-widget elementor-widget-text-editor\" data-id=\"1d20c5e\" data-element_type=\"widget\" data-widget_type=\"text-editor.default\">\n\t\t\t\t<div class=\"elementor-widget-container\">\n\t\t\t\t\t\t\t\t\t<p style=\"text-align: center;\"><strong>Black Car Cologne e.K.<\/strong><\/p><p style=\"text-align: center;\"><strong>Firmensitz:<\/strong><br \/>Rotgerberbach 2<br \/>50676 K\u00f6ln<\/p><p style=\"text-align: center;\"><strong>Gesch\u00e4ftsf\u00fchr:<\/strong><br \/>Herr Ali Erol<\/p><p style=\"text-align: center;\"><strong>Kontakt:<\/strong><br \/>Office: +49 22178985912<br \/>Mobile: +4915906176589<br \/>Email: info@business-limousines24.de<\/p>\t\t\t\t\t\t\t\t<\/div>\n\t\t\t\t<\/div>\n\t\t\t\t\t<\/div>\n\t\t<\/div>\n\t\t\t\t\t<\/div>\n\t\t<\/section>\n\t\t\t\t<section class=\"elementor-section elementor-top-section elementor-element elementor-element-f2d6552 elementor-section-boxed elementor-section-height-default elementor-section-height-default\" data-id=\"f2d6552\" data-element_type=\"section\">\n\t\t\t\t\t\t<div class=\"elementor-container elementor-column-gap-default\">\n\t\t\t\t\t<div class=\"elementor-column elementor-col-100 elementor-top-column elementor-element elementor-element-723e3da\" data-id=\"723e3da\" data-element_type=\"column\">\n\t\t\t<div class=\"elementor-widget-wrap elementor-element-populated\">\n\t\t\t\t\t\t<div class=\"elementor-element elementor-element-d5b56a2 elementor-widget elementor-widget-spacer\" data-id=\"d5b56a2\" data-element_type=\"widget\" data-widget_type=\"spacer.default\">\n\t\t\t\t<div class=\"elementor-widget-container\">\n\t\t\t\t\t\t\t<div class=\"elementor-spacer\">\n\t\t\t<div class=\"elementor-spacer-inner\"><\/div>\n\t\t<\/div>\n\t\t\t\t\t\t<\/div>\n\t\t\t\t<\/div>\n\t\t\t\t\t<\/div>\n\t\t<\/div>\n\t\t\t\t\t<\/div>\n\t\t<\/section>\n\t\t\t\t<section class=\"elementor-section elementor-top-section elementor-element elementor-element-e340910 elementor-section-boxed elementor-section-height-default elementor-section-height-default\" data-id=\"e340910\" data-element_type=\"section\">\n\t\t\t\t\t\t<div class=\"elementor-container elementor-column-gap-default\">\n\t\t\t\t\t<div class=\"elementor-column elementor-col-100 elementor-top-column elementor-element elementor-element-72962bb\" data-id=\"72962bb\" data-element_type=\"column\">\n\t\t\t<div class=\"elementor-widget-wrap elementor-element-populated\">\n\t\t\t\t\t\t<div class=\"elementor-element elementor-element-0b5d0f2 elementor-widget elementor-widget-google_maps\" data-id=\"0b5d0f2\" data-element_type=\"widget\" data-widget_type=\"google_maps.default\">\n\t\t\t\t<div class=\"elementor-widget-container\">\n\t\t\t\t\t\t\t<div class=\"elementor-custom-embed\">\n\t\t\t<iframe loading=\"lazy\"\n\t\t\t\t\tsrc=\"https:\/\/maps.google.com\/maps?q=Rotgerberbach%202%2050676%20K%C3%B6ln&#038;t=m&#038;z=13&#038;output=embed&#038;iwloc=near\"\n\t\t\t\t\ttitle=\"Rotgerberbach 2 50676 K\u00f6ln\"\n\t\t\t\t\taria-label=\"Rotgerberbach 2 50676 K\u00f6ln\"\n\t\t\t><\/iframe>\n\t\t<\/div>\n\t\t\t\t\t\t<\/div>\n\t\t\t\t<\/div>\n\t\t\t\t\t<\/div>\n\t\t<\/div>\n\t\t\t\t\t<\/div>\n\t\t<\/section>\n\t\t\t\t<\/div>","protected":false},"excerpt":{"rendered":"<p>Black Car Cologne e.K. Firmensitz:Rotgerberbach 250676 K\u00f6ln Gesch\u00e4ftsf\u00fchr:Herr Ali Erol Kontakt:Office: +49 22178985912Mobile: +4915906176589Email: info@business-limousines24.de<\/p>","protected":false},"author":1,"featured_media":0,"parent":0,"menu_order":0,"comment_status":"closed","ping_status":"closed","template":"","meta":{"footnotes":""},"_links":{"self":[{"href":"https:\/\/business-limousines24.de\/en\/wp-json\/wp\/v2\/pages\/18061"}],"collection":[{"href":"https:\/\/business-limousines24.de\/en\/wp-json\/wp\/v2\/pages"}],"about":[{"href":"https:\/\/business-limousines24.de\/en\/wp-json\/wp\/v2\/types\/page"}],"author":[{"embeddable":true,"href":"https:\/\/business-limousines24.de\/en\/wp-json\/wp\/v2\/users\/1"}],"replies":[{"embeddable":true,"href":"https:\/\/business-limousines24.de\/en\/wp-json\/wp\/v2\/comments?post=18061"}],"version-history":[{"count":11,"href":"https:\/\/business-limousines24.de\/en\/wp-json\/wp\/v2\/pages\/18061\/revisions"}],"predecessor-version":[{"id":18119,"href":"https:\/\/business-limousines24.de\/en\/wp-json\/wp\/v2\/pages\/18061\/revisions\/18119"}],"wp:attachment":[{"href":"https:\/\/business-limousines24.de\/en\/wp-json\/wp\/v2\/media?parent=18061"}],"curies":[{"name":"wp","href":"https:\/\/api.w.org\/{rel}","templated":true}]}}