{"id":13611,"date":"2020-04-13T22:21:39","date_gmt":"2020-04-13T22:21:39","guid":{"rendered":"http:\/\/business-limousines24.de\/?page_id=13611"},"modified":"2024-02-11T15:19:39","modified_gmt":"2024-02-11T14:19:39","slug":"contacts","status":"publish","type":"page","link":"https:\/\/business-limousines24.de\/en\/contacts\/","title":{"rendered":"Contact"},"content":{"rendered":"<div data-elementor-type=\"wp-page\" data-elementor-id=\"13611\" class=\"elementor elementor-13611\">\n\t\t\t\t\t\t<section class=\"elementor-section elementor-top-section elementor-element elementor-element-3724f34 elementor-section-boxed elementor-section-height-default elementor-section-height-default\" data-id=\"3724f34\" data-element_type=\"section\">\n\t\t\t\t\t\t<div class=\"elementor-container elementor-column-gap-no\">\n\t\t\t\t\t<div class=\"elementor-column elementor-col-100 elementor-top-column elementor-element elementor-element-9b8c152\" data-id=\"9b8c152\" data-element_type=\"column\">\n\t\t\t<div class=\"elementor-widget-wrap elementor-element-populated\">\n\t\t\t\t\t\t<div class=\"elementor-element elementor-element-e42573f lte-contacts-icons elementor-widget elementor-widget-lte-icons\" data-id=\"e42573f\" data-element_type=\"widget\" data-widget_type=\"lte-icons.default\">\n\t\t\t\t<div class=\"elementor-widget-container\">\n\t\t\t\t\t<ul class=\"lte-block-icon has-descr  icons-count-4 lte-icon-space-md lte-icon-shape-default lte-icon-background-disabled lte-icon-border-disabled lte-icon-color-main lte-icon-divider-dashed lte-icon-inner-padding-no lte-icon-size-xsmall lte-header-color-default lte-icon-type-top lte-icon-align- layout-cols4 lte-additional-disabled\"><li class=\"col-lg-3 col-md-3 col-sm-6 col-ms-6 col-xs-6\"><a href=\"https:\/\/maps.app.goo.gl\/D2nUQxYYBKyuB7M29\"   class=\"lte-inner\"><i aria-hidden=\"true\" class=\"icon icon-pin\"><\/i><span class=\"lte-icon-content\"> <span class=\"lte-header lte-h6\"> Location <\/span> <span class=\"lte-descr\">Rothgerberbach 2<br \/>\n50676 K\u00f6ln<\/span><\/span><\/a><\/li><li class=\"col-lg-3 col-md-3 col-sm-6 col-ms-6 col-xs-6\"><a href=\"tel:0221\/78985912%20\"   class=\"lte-inner\"><i aria-hidden=\"true\" class=\"icon icon-phone-call-1\"><\/i><span class=\"lte-icon-content\"> <span class=\"lte-header lte-h6\"> Telephone <\/span> <span class=\"lte-descr\">0221\/78985912<br \/>\n+4915906176589<\/span><\/span><\/a><\/li><li class=\"col-lg-3 col-md-3 col-sm-6 col-ms-6 col-xs-6\"><a href=\"mailto:info@business-limousines24.de\"   class=\"lte-inner\"><i aria-hidden=\"true\" class=\"icon icon-mail\"><\/i><span class=\"lte-icon-content\"> <span class=\"lte-header lte-h6\"> Mail <\/span> <span class=\"lte-descr\">info@business-limousines24.de<\/span><\/span><\/a><\/li><li class=\"col-lg-3 col-md-3 col-sm-6 col-ms-6 col-xs-6\"><div   class=\"lte-inner\"><i aria-hidden=\"true\" class=\"icon icon-clock-2\"><\/i><span class=\"lte-icon-content\"> <span class=\"lte-header lte-h6\"> Consultation hours <\/span> <span class=\"lte-descr\">Monday-Sunday<br \/>\n9:00 am - 6:00 pm<\/span><\/span><\/div><\/li><\/ul>\t\t\t\t<\/div>\n\t\t\t\t<\/div>\n\t\t\t\t<div class=\"elementor-element elementor-element-16d0b91 elementor-widget elementor-widget-spacer\" data-id=\"16d0b91\" data-element_type=\"widget\" data-widget_type=\"spacer.default\">\n\t\t\t\t<div class=\"elementor-widget-container\">\n\t\t\t\t\t\t\t<div class=\"elementor-spacer\">\n\t\t\t<div class=\"elementor-spacer-inner\"><\/div>\n\t\t<\/div>\n\t\t\t\t\t\t<\/div>\n\t\t\t\t<\/div>\n\t\t\t\t\t<\/div>\n\t\t<\/div>\n\t\t\t\t\t<\/div>\n\t\t<\/section>\n\t\t\t\t<section class=\"elementor-section elementor-top-section elementor-element elementor-element-0637fe6 elementor-section-boxed elementor-section-height-default elementor-section-height-default\" data-id=\"0637fe6\" data-element_type=\"section\">\n\t\t\t\t\t\t<div class=\"elementor-container elementor-column-gap-default\">\n\t\t\t\t\t<div class=\"elementor-column elementor-col-100 elementor-top-column elementor-element elementor-element-5f5bad5\" data-id=\"5f5bad5\" data-element_type=\"column\">\n\t\t\t<div class=\"elementor-widget-wrap elementor-element-populated\">\n\t\t\t\t\t\t<div class=\"elementor-element elementor-element-abea02b elementor-widget elementor-widget-spacer\" data-id=\"abea02b\" data-element_type=\"widget\" data-widget_type=\"spacer.default\">\n\t\t\t\t<div class=\"elementor-widget-container\">\n\t\t\t\t\t\t\t<div class=\"elementor-spacer\">\n\t\t\t<div class=\"elementor-spacer-inner\"><\/div>\n\t\t<\/div>\n\t\t\t\t\t\t<\/div>\n\t\t\t\t<\/div>\n\t\t\t\t<div class=\"elementor-element elementor-element-c76a175 lte-heading-style-header-subheader elementor-widget elementor-widget-lte-header\" data-id=\"c76a175\" data-element_type=\"widget\" data-widget_type=\"lte-header.default\">\n\t\t\t\t<div class=\"elementor-widget-container\">\n\t\t\t\t\t<div class=\"lte-heading lte-style-header-subheader lte-underline lte-subcolor-main heading-tag-h4 heading-subtag-h6\"><div class=\"lte-heading-content\"><h4 class=\"lte-header\">Price inquiry<\/h4><\/div><\/div>\t\t\t\t<\/div>\n\t\t\t\t<\/div>\n\t\t\t\t<div class=\"elementor-element elementor-element-9d9add7 elementor-widget elementor-widget-lte-cf7\" data-id=\"9d9add7\" data-element_type=\"widget\" data-widget_type=\"lte-cf7.default\">\n\t\t\t\t<div class=\"elementor-widget-container\">\n\t\t\t\t\t<div class=\"lte-contact-form-7 lte-padding-yes lte-full-width-no\">\n<div class=\"wpcf7 no-js\" id=\"wpcf7-f12000-o1\" lang=\"en-US\" dir=\"ltr\">\n<div class=\"screen-reader-response\"><p role=\"status\" aria-live=\"polite\" aria-atomic=\"true\"><\/p> <ul><\/ul><\/div>\n<form action=\"\/en\/wp-json\/wp\/v2\/pages\/13611#wpcf7-f12000-o1\" method=\"post\" class=\"wpcf7-form init\" aria-label=\"Contact form\" novalidate=\"novalidate\" data-status=\"init\" data-trp-original-action=\"\/en\/wp-json\/wp\/v2\/pages\/13611#wpcf7-f12000-o1\">\n<div style=\"display: none;\">\n<input type=\"hidden\" name=\"_wpcf7\" value=\"12000\" \/>\n<input type=\"hidden\" name=\"_wpcf7_version\" value=\"5.9.8\" \/>\n<input type=\"hidden\" name=\"_wpcf7_locale\" value=\"en_US\" \/>\n<input type=\"hidden\" name=\"_wpcf7_unit_tag\" value=\"wpcf7-f12000-o1\" \/>\n<input type=\"hidden\" name=\"_wpcf7_container_post\" value=\"0\" \/>\n<input type=\"hidden\" name=\"_wpcf7_posted_data_hash\" value=\"\" \/>\n<\/div>\n<div class=\"qodef-ride-details-form\">\n\t<div class=\"qodef-ride-details-heading\">\n\t\t<h3>Trip details \/ distance\n\t\t<\/h3>\n\t\t<p>Fill out the form below and we will contact you as soon as possible.\n\t\t<\/p>\n\t<\/div>\n\t<div class=\"qodef-grid qodef-layout--columns qodef-col-num--1\">\n\t\t<div class=\"qodef-grid-inner\">\n\t\t\t<div class=\"qodef-grid-item\">\n\t\t\t\t<p><span class=\"wpcf7-form-control-wrap\" data-name=\"form-name\"><input size=\"40\" maxlength=\"400\" class=\"wpcf7-form-control wpcf7-text wpcf7-validates-as-required\" aria-required=\"true\" aria-invalid=\"false\" placeholder=\"First name\/Last name\" value=\"\" type=\"text\" name=\"form-name\" \/><\/span>\n\t\t\t\t<\/p>\n\t\t\t<\/div>\n\t\t\t<div class=\"qodef-grid-item\">\n\t\t\t\t<p><span class=\"wpcf7-form-control-wrap\" data-name=\"form-email\"><input size=\"40\" maxlength=\"400\" class=\"wpcf7-form-control wpcf7-email wpcf7-validates-as-required wpcf7-text wpcf7-validates-as-email\" aria-required=\"true\" aria-invalid=\"false\" placeholder=\"Mail\" value=\"\" type=\"email\" name=\"form-email\" \/><\/span>\n\t\t\t\t<\/p>\n\t\t\t<\/div>\n\t\t\t<div class=\"qodef-grid-item\">\n\t\t\t\t<p><span class=\"wpcf7-form-control-wrap\" data-name=\"form-phone\"><input size=\"40\" maxlength=\"400\" class=\"wpcf7-form-control wpcf7-tel wpcf7-validates-as-required wpcf7-text wpcf7-validates-as-tel\" aria-required=\"true\" aria-invalid=\"false\" placeholder=\"Phone number\" value=\"\" type=\"tel\" name=\"form-phone\" \/><\/span>\n\t\t\t\t<\/p>\n\t\t\t<\/div>\n\t\t\t<div class=\"qodef-grid-item\">\n\t\t\t\t<p><span class=\"wpcf7-form-control-wrap\" data-name=\"form-tarif\"><select class=\"wpcf7-form-control wpcf7-select wpcf7-validates-as-required\" aria-required=\"true\" aria-invalid=\"false\" name=\"form-tarif\"><option value=\"Tarif\">Tarif<\/option><option value=\"Event-Shuttles\">Event-Shuttles<\/option><option value=\"Business-Meetings und Konferenzen\">Business meetings and conferences<\/option><option value=\"Crew Shuttle Service\">Crew Shuttle Service<\/option><option value=\"Hochzeits- und Veranstaltungstransfers\">Wedding and event transfers<\/option><option value=\"Flughafentransfer\">Flughafentransfer<\/option><\/select><\/span>\n\t\t\t\t<\/p>\n\t\t\t<\/div>\n\t\t\t<div class=\"qodef-grid-item\">\n\t\t\t\t<p><span class=\"wpcf7-form-control-wrap\" data-name=\"form-location\"><input size=\"40\" maxlength=\"400\" class=\"wpcf7-form-control wpcf7-text wpcf7-validates-as-required\" aria-required=\"true\" aria-invalid=\"false\" placeholder=\"Pick-up address\" value=\"\" type=\"text\" name=\"form-location\" \/><\/span>\n\t\t\t\t<\/p>\n\t\t\t<\/div>\n\t\t\t<div class=\"qodef-grid-item\">\n\t\t\t\t<p><span class=\"wpcf7-form-control-wrap\" data-name=\"form-company\"><input size=\"40\" maxlength=\"400\" class=\"wpcf7-form-control wpcf7-text\" aria-invalid=\"false\" placeholder=\"Company (only if applicable)\" value=\"\" type=\"text\" name=\"form-company\" \/><\/span>\n\t\t\t\t<\/p>\n\t\t\t<\/div>\n\t\t<\/div>\n\t<\/div>\n\t<div class=\"qodef-grid qodef-layout--columns qodef-col-num--2\">\n\t\t<div class=\"qodef-grid-inner\">\n\t\t\t<div class=\"qodef-grid-item\">\n\t\t\t\t<p><span class=\"wpcf7-form-control-wrap\" data-name=\"form-pickup-time\"><input size=\"40\" maxlength=\"400\" class=\"wpcf7-form-control wpcf7-text wpcf7-validates-as-required\" aria-required=\"true\" aria-invalid=\"false\" placeholder=\"Pick-up time\" value=\"\" type=\"text\" name=\"form-pickup-time\" \/><\/span>\n\t\t\t\t<\/p>\n\t\t\t<\/div>\n\t\t\t<div class=\"qodef-grid-item\">\n\t\t\t\t<p><span class=\"wpcf7-form-control-wrap\" data-name=\"form-pickup-date\"><input class=\"wpcf7-form-control wpcf7-date wpcf7-validates-as-required wpcf7-validates-as-date\" aria-required=\"true\" aria-invalid=\"false\" value=\"2026-04-05\" type=\"date\" name=\"form-pickup-date\" \/><\/span>\n\t\t\t\t<\/p>\n\t\t\t<\/div>\n\t\t<\/div>\n\t<\/div>\n\t<div class=\"qodef-grid qodef-layout--columns qodef-col-num--1\">\n\t\t<div class=\"qodef-grid-inner\">\n\t\t\t<div class=\"qodef-grid-item\">\n\t\t\t\t<p><span class=\"wpcf7-form-control-wrap\" data-name=\"form-dropoff\"><input size=\"40\" maxlength=\"400\" class=\"wpcf7-form-control wpcf7-text wpcf7-validates-as-required\" aria-required=\"true\" aria-invalid=\"false\" placeholder=\"Destination address\" value=\"\" type=\"text\" name=\"form-dropoff\" \/><\/span>\n\t\t\t\t<\/p>\n\t\t\t<\/div>\n\t\t<\/div>\n\t<\/div>\n\t<div class=\"qodef-grid qodef-layout--columns qodef-col-num--2\">\n\t\t<div class=\"qodef-grid-inner\">\n\t\t\t<div class=\"qodef-grid-item\">\n\t\t\t\t<p><span class=\"wpcf7-form-control-wrap\" data-name=\"form-droptime\"><input size=\"40\" maxlength=\"400\" class=\"wpcf7-form-control wpcf7-text wpcf7-validates-as-required\" aria-required=\"true\" aria-invalid=\"false\" placeholder=\"Endezeit\" value=\"\" type=\"text\" name=\"form-droptime\" \/><\/span>\n\t\t\t\t<\/p>\n\t\t\t<\/div>\n\t\t\t<div class=\"qodef-grid-item\">\n\t\t\t\t<p><span class=\"wpcf7-form-control-wrap\" data-name=\"form-dropdate\"><input class=\"wpcf7-form-control wpcf7-date wpcf7-validates-as-required wpcf7-validates-as-date\" aria-required=\"true\" aria-invalid=\"false\" value=\"2026-04-05\" type=\"date\" name=\"form-dropdate\" \/><\/span>\n\t\t\t\t<\/p>\n\t\t\t<\/div>\n\t\t<\/div>\n\t<\/div>\n\t<div class=\"qodef-grid qodef-layout--columns qodef-col-num--1\">\n\t\t<div class=\"qodef-grid-inner\">\n\t\t\t<div class=\"qodef-grid-item\">\n\t\t\t\t<p><span class=\"wpcf7-form-control-wrap\" data-name=\"form-details\"><textarea cols=\"40\" rows=\"10\" maxlength=\"2000\" class=\"wpcf7-form-control wpcf7-textarea wpcf7-validates-as-required\" aria-required=\"true\" aria-invalid=\"false\" placeholder=\"All important information about the trip\" name=\"form-details\"><\/textarea><\/span>\n\t\t\t\t<\/p>\n\t\t\t<\/div>\n\t\t<\/div>\n\t<\/div>\n\t<p><input class=\"wpcf7-form-control wpcf7-submit has-spinner\" type=\"submit\" value=\"send\" \/>\n\t<\/p>\n<\/div><p style=\"display: none !important;\" class=\"akismet-fields-container\" data-prefix=\"_wpcf7_ak_\"><label>&#916;<textarea name=\"_wpcf7_ak_hp_textarea\" cols=\"45\" rows=\"8\" maxlength=\"100\"><\/textarea><\/label><input type=\"hidden\" id=\"ak_js_1\" name=\"_wpcf7_ak_js\" value=\"188\"\/><script>document.getElementById( \"ak_js_1\" ).setAttribute( \"value\", ( new Date() ).getTime() );<\/script><\/p><div class=\"wpcf7-response-output\" aria-hidden=\"true\"><\/div>\n<input type=\"hidden\" name=\"trp-form-language\" value=\"en\"\/><\/form>\n<\/div>\n<\/div>\t\t\t\t<\/div>\n\t\t\t\t<\/div>\n\t\t\t\t<div class=\"elementor-element elementor-element-1a24d13 lte-heading-style-header-subheader elementor-widget elementor-widget-lte-header\" data-id=\"1a24d13\" data-element_type=\"widget\" data-widget_type=\"lte-header.default\">\n\t\t\t\t<div class=\"elementor-widget-container\">\n\t\t\t\t\t<div class=\"lte-heading lte-style-header-subheader lte-subcolor-main has-subheader heading-tag-h5 heading-subtag-h3\"><div class=\"lte-heading-content\"><h3 class=\"lte-subheader\">Datenschutzhinweise<\/h3><h5 class=\"lte-header\">Die folgenden Datenschutzhinweise geben Ihnen einen \u00dcberblick \u00fcber die Erhebung und Verarbeitung Ihrer pers\u00f6nlichen Daten. <\/h5><\/div><\/div>\t\t\t\t<\/div>\n\t\t\t\t<\/div>\n\t\t\t\t<div class=\"elementor-element elementor-element-695cb68 elementor-widget elementor-widget-text-editor\" data-id=\"695cb68\" data-element_type=\"widget\" data-widget_type=\"text-editor.default\">\n\t\t\t\t<div class=\"elementor-widget-container\">\n\t\t\t\t\t\t\t\t\t<p><a href=\"https:\/\/business-limousines24.de\/en\/allgemeine-geschaeftsbedingungen\/\">General Terms and Conditions<\/a> \u00a0 \u00a0 \u00a0 \u00a0 <a href=\"https:\/\/business-limousines24.de\/en\/datenschutzerklaerung\/\">Privacy policy<\/a><\/p>\t\t\t\t\t\t\t\t<\/div>\n\t\t\t\t<\/div>\n\t\t\t\t\t<\/div>\n\t\t<\/div>\n\t\t\t\t\t<\/div>\n\t\t<\/section>\n\t\t\t\t<\/div>","protected":false},"excerpt":{"rendered":"<p>Standort Rothgerberbach 2 50676 K\u00f6ln Telefon 0221\/78985912 +4915906176589 Email info@business-limousines24.de Sprechstunden Montag &#8211; Sonntag 9:00 Uhr &#8211; 18:00 Uhr Preisanfrage Fahrt Details \/ Entfernung F\u00fcllen Sie das nachstehende Formular aus, und wir werden uns so bald wie m\u00f6glich mit Ihnen in Verbindung setzen. Select TarifEvent-ShuttlesBusiness-Meetings und KonferenzenCrew Shuttle ServiceFlughafen Vorfeld K\u00f6ln\/BonnFlughafentransfer Select VehicleE-KlasseS-KlasseV-Klasse &#916; Datenschutzhinweise [&hellip;]<\/p>\n","protected":false},"author":1,"featured_media":0,"parent":0,"menu_order":0,"comment_status":"closed","ping_status":"closed","template":"page-templates\/full-width.php","meta":{"footnotes":""},"_links":{"self":[{"href":"https:\/\/business-limousines24.de\/en\/wp-json\/wp\/v2\/pages\/13611"}],"collection":[{"href":"https:\/\/business-limousines24.de\/en\/wp-json\/wp\/v2\/pages"}],"about":[{"href":"https:\/\/business-limousines24.de\/en\/wp-json\/wp\/v2\/types\/page"}],"author":[{"embeddable":true,"href":"https:\/\/business-limousines24.de\/en\/wp-json\/wp\/v2\/users\/1"}],"replies":[{"embeddable":true,"href":"https:\/\/business-limousines24.de\/en\/wp-json\/wp\/v2\/comments?post=13611"}],"version-history":[{"count":10,"href":"https:\/\/business-limousines24.de\/en\/wp-json\/wp\/v2\/pages\/13611\/revisions"}],"predecessor-version":[{"id":18212,"href":"https:\/\/business-limousines24.de\/en\/wp-json\/wp\/v2\/pages\/13611\/revisions\/18212"}],"wp:attachment":[{"href":"https:\/\/business-limousines24.de\/en\/wp-json\/wp\/v2\/media?parent=13611"}],"curies":[{"name":"wp","href":"https:\/\/api.w.org\/{rel}","templated":true}]}}